{"id":2787,"date":"2022-12-13T15:17:21","date_gmt":"2022-12-13T15:17:21","guid":{"rendered":"http:\/\/apholos.com\/jeans-buttons\/"},"modified":"2022-12-13T15:17:21","modified_gmt":"2022-12-13T15:17:21","slug":"jeans-buttons","status":"publish","type":"page","link":"https:\/\/apholos.com\/en\/jeans-buttons\/","title":{"rendered":"Jeans Buttons"},"content":{"rendered":"\t\t<div data-elementor-type=\"wp-page\" data-elementor-id=\"2787\" class=\"elementor elementor-2787\" data-elementor-post-type=\"page\">\n\t\t\t\t\t\t<section class=\"elementor-section elementor-top-section elementor-element elementor-element-51669d10 elementor-section-full_width elementor-section-height-full elementor-section-items-stretch elementor-section-content-middle elementor-section-stretched elementor-section-height-default wpr-particle-no wpr-jarallax-no wpr-parallax-no wpr-sticky-section-no wpr-equal-height-no\" data-id=\"51669d10\" data-element_type=\"section\" data-e-type=\"section\" data-settings=\"{&quot;stretch_section&quot;:&quot;section-stretched&quot;}\">\n\t\t\t\t\t\t<div class=\"elementor-container elementor-column-gap-narrow\">\n\t\t\t\t\t<div class=\"elementor-column elementor-col-50 elementor-top-column elementor-element elementor-element-3f22c162\" data-id=\"3f22c162\" data-element_type=\"column\" data-e-type=\"column\" data-settings=\"{&quot;background_background&quot;:&quot;slideshow&quot;,&quot;background_slideshow_gallery&quot;:[{&quot;id&quot;:296,&quot;url&quot;:&quot;http:\\\/\\\/apholos.com\\\/wp-content\\\/uploads\\\/2022\\\/12\\\/Zara-Sparkly-Side-Stripe-Shorts-Z1975-3.jpg&quot;}],&quot;background_slideshow_loop&quot;:&quot;yes&quot;,&quot;background_slideshow_slide_duration&quot;:5000,&quot;background_slideshow_slide_transition&quot;:&quot;fade&quot;,&quot;background_slideshow_transition_duration&quot;:500}\">\n\t\t\t<div class=\"elementor-widget-wrap elementor-element-populated\">\n\t\t\t\t\t\t<div class=\"elementor-element elementor-element-e19fa15 elementor-widget elementor-widget-heading\" data-id=\"e19fa15\" data-element_type=\"widget\" data-e-type=\"widget\" data-widget_type=\"heading.default\">\n\t\t\t\t<div class=\"elementor-widget-container\">\n\t\t\t\t\t<h2 class=\"elementor-heading-title elementor-size-default\">A\u00f1ade aqu\u00ed tu texto de cabecera<\/h2>\t\t\t\t<\/div>\n\t\t\t\t<\/div>\n\t\t\t\t\t<\/div>\n\t\t<\/div>\n\t\t\t\t<div class=\"elementor-column elementor-col-50 elementor-top-column elementor-element elementor-element-59f57957\" data-id=\"59f57957\" data-element_type=\"column\" data-e-type=\"column\" data-settings=\"{&quot;background_background&quot;:&quot;slideshow&quot;,&quot;background_slideshow_gallery&quot;:[{&quot;id&quot;:276,&quot;url&quot;:&quot;http:\\\/\\\/apholos.com\\\/wp-content\\\/uploads\\\/2022\\\/12\\\/MSGM-Studded-Logo-Denim-Jacket.png&quot;}],&quot;background_slideshow_loop&quot;:&quot;yes&quot;,&quot;background_slideshow_slide_duration&quot;:5000,&quot;background_slideshow_slide_transition&quot;:&quot;fade&quot;,&quot;background_slideshow_transition_duration&quot;:500}\">\n\t\t\t<div class=\"elementor-widget-wrap elementor-element-populated\">\n\t\t\t\t\t\t<div class=\"elementor-element elementor-element-b87743d elementor-widget elementor-widget-heading\" data-id=\"b87743d\" data-element_type=\"widget\" data-e-type=\"widget\" data-widget_type=\"heading.default\">\n\t\t\t\t<div class=\"elementor-widget-container\">\n\t\t\t\t\t<h2 class=\"elementor-heading-title elementor-size-default\">A\u00f1ade aqu\u00ed tu texto de cabecera<\/h2>\t\t\t\t<\/div>\n\t\t\t\t<\/div>\n\t\t\t\t\t<\/div>\n\t\t<\/div>\n\t\t\t\t\t<\/div>\n\t\t<\/section>\n\t\t\t\t<section class=\"elementor-section elementor-top-section elementor-element elementor-element-7e7f3b33 elementor-section-full_width elementor-section-height-min-height elementor-section-content-middle elementor-section-stretched elementor-section-height-default elementor-section-items-middle wpr-particle-no wpr-jarallax-no wpr-parallax-no wpr-sticky-section-no wpr-equal-height-no\" data-id=\"7e7f3b33\" data-element_type=\"section\" data-e-type=\"section\" data-settings=\"{&quot;stretch_section&quot;:&quot;section-stretched&quot;}\">\n\t\t\t\t\t\t<div class=\"elementor-container elementor-column-gap-default\">\n\t\t\t\t\t<div class=\"elementor-column elementor-col-100 elementor-top-column elementor-element elementor-element-3df4963a\" data-id=\"3df4963a\" data-element_type=\"column\" data-e-type=\"column\">\n\t\t\t<div class=\"elementor-widget-wrap elementor-element-populated\">\n\t\t\t\t\t\t<div class=\"elementor-element elementor-element-7552621e elementor-widget elementor-widget-heading\" data-id=\"7552621e\" data-element_type=\"widget\" data-e-type=\"widget\" data-widget_type=\"heading.default\">\n\t\t\t\t<div class=\"elementor-widget-container\">\n\t\t\t\t\t<h2 class=\"elementor-heading-title elementor-size-default\">BOTONES JEAN<\/h2>\t\t\t\t<\/div>\n\t\t\t\t<\/div>\n\t\t\t\t<div class=\"elementor-element elementor-element-6dbd84b6 elementor-widget elementor-widget-heading\" data-id=\"6dbd84b6\" data-element_type=\"widget\" data-e-type=\"widget\" data-widget_type=\"heading.default\">\n\t\t\t\t<div class=\"elementor-widget-container\">\n\t\t\t\t\t<h2 class=\"elementor-heading-title elementor-size-default\">AVIOS MET\u00c1LICOS<\/h2>\t\t\t\t<\/div>\n\t\t\t\t<\/div>\n\t\t\t\t\t<\/div>\n\t\t<\/div>\n\t\t\t\t\t<\/div>\n\t\t<\/section>\n\t\t\t\t<section class=\"elementor-section elementor-top-section elementor-element elementor-element-27b05321 elementor-section-full_width elementor-section-height-default elementor-section-height-default wpr-particle-no wpr-jarallax-no wpr-parallax-no wpr-sticky-section-no wpr-equal-height-no\" data-id=\"27b05321\" data-element_type=\"section\" data-e-type=\"section\">\n\t\t\t\t\t\t<div class=\"elementor-container elementor-column-gap-default\">\n\t\t\t\t\t<div class=\"elementor-column elementor-col-100 elementor-top-column elementor-element elementor-element-234146c6\" data-id=\"234146c6\" data-element_type=\"column\" data-e-type=\"column\">\n\t\t\t<div class=\"elementor-widget-wrap elementor-element-populated\">\n\t\t\t\t\t\t<div class=\"elementor-element elementor-element-6207e969 elementor-widget elementor-widget-gallery\" data-id=\"6207e969\" data-element_type=\"widget\" data-e-type=\"widget\" data-settings=\"{&quot;gallery_layout&quot;:&quot;masonry&quot;,&quot;columns_tablet&quot;:3,&quot;columns_mobile&quot;:2,&quot;gap&quot;:{&quot;unit&quot;:&quot;px&quot;,&quot;size&quot;:7,&quot;sizes&quot;:[]},&quot;gap_tablet&quot;:{&quot;unit&quot;:&quot;px&quot;,&quot;size&quot;:4,&quot;sizes&quot;:[]},&quot;gap_mobile&quot;:{&quot;unit&quot;:&quot;px&quot;,&quot;size&quot;:3,&quot;sizes&quot;:[]},&quot;lazyload&quot;:&quot;yes&quot;,&quot;columns&quot;:4,&quot;link_to&quot;:&quot;file&quot;,&quot;overlay_background&quot;:&quot;yes&quot;,&quot;content_hover_animation&quot;:&quot;fade-in&quot;}\" data-widget_type=\"gallery.default\">\n\t\t\t\t<div class=\"elementor-widget-container\">\n\t\t\t\t\t\t\t<div class=\"elementor-gallery__container\">\r\n\t\t\t\t\t<\/div>\r\n\t\t\t\t\t<\/div>\n\t\t\t\t<\/div>\n\t\t\t\t\t<\/div>\n\t\t<\/div>\n\t\t\t\t\t<\/div>\n\t\t<\/section>\n\t\t\t\t<section class=\"elementor-section elementor-top-section elementor-element elementor-element-1aa73f6e elementor-section-full_width elementor-section-height-min-height elementor-section-height-default elementor-section-items-middle wpr-particle-no wpr-jarallax-no wpr-parallax-no wpr-sticky-section-no wpr-equal-height-no\" data-id=\"1aa73f6e\" data-element_type=\"section\" data-e-type=\"section\">\n\t\t\t\t\t\t<div class=\"elementor-container elementor-column-gap-default\">\n\t\t\t\t\t<div class=\"elementor-column elementor-col-100 elementor-top-column elementor-element elementor-element-41cfe66d\" data-id=\"41cfe66d\" data-element_type=\"column\" data-e-type=\"column\">\n\t\t\t<div class=\"elementor-widget-wrap elementor-element-populated\">\n\t\t\t\t\t\t<div class=\"elementor-element elementor-element-641a15b1 wpr-button-icon-style-inline wpr-button-icon-position-right elementor-widget elementor-widget-wpr-button\" data-id=\"641a15b1\" data-element_type=\"widget\" data-e-type=\"widget\" data-widget_type=\"wpr-button.default\">\n\t\t\t\t<div class=\"elementor-widget-container\">\n\t\t\t\t\t\t\n\t\t\t\n\t\t\n\t\t<div class=\"wpr-button-wrap elementor-clearfix\">\n\t\t<a class=\"wpr-button wpr-button-effect wpr-button-radial-out\" data-text=\"\" href=\"https:\/\/mail.google.com\/mail\/u\/0\/#inbox?compose=GTvVlcSGMFzkFCtdfPFzLhNgQRbcJRfMFvNzhQPWtNPfvWklkXlCcGvvbvFvMFFZSTSjwBlWvKgjw\">\n\t\t\t\n\t\t\t<span class=\"wpr-button-content\">\n\t\t\t\t\t\t\t\t\t<span class=\"wpr-button-text\">COMUNICATE CON NOSOTROS<\/span>\n\t\t\t\t\t\t\t\t\n\t\t\t\t\t\t\t<\/span>\n\t\t<\/a>\n\n\t\t\t\t<\/div>\n\t\n\t\n\t\t\t\t\t<\/div>\n\t\t\t\t<\/div>\n\t\t\t\t\t<\/div>\n\t\t<\/div>\n\t\t\t\t\t<\/div>\n\t\t<\/section>\n\t\t\t\t<section class=\"elementor-section elementor-top-section elementor-element elementor-element-18f8b363 elementor-section-full_width elementor-section-height-min-height elementor-section-content-middle elementor-section-height-default elementor-section-items-middle wpr-particle-no wpr-jarallax-no wpr-parallax-no wpr-sticky-section-no wpr-equal-height-no\" data-id=\"18f8b363\" data-element_type=\"section\" data-e-type=\"section\">\n\t\t\t\t\t\t<div class=\"elementor-container elementor-column-gap-default\">\n\t\t\t\t\t<div class=\"elementor-column elementor-col-100 elementor-top-column elementor-element elementor-element-2330961c\" data-id=\"2330961c\" data-element_type=\"column\" data-e-type=\"column\">\n\t\t\t<div class=\"elementor-widget-wrap elementor-element-populated\">\n\t\t\t\t\t\t<div class=\"elementor-element elementor-element-2d245c23 elementor-widget elementor-widget-image-carousel\" data-id=\"2d245c23\" data-element_type=\"widget\" data-e-type=\"widget\" data-settings=\"{&quot;slides_to_show&quot;:&quot;7&quot;,&quot;slides_to_show_tablet&quot;:&quot;4&quot;,&quot;slides_to_show_mobile&quot;:&quot;3&quot;,&quot;slides_to_scroll&quot;:&quot;1&quot;,&quot;navigation&quot;:&quot;none&quot;,&quot;image_spacing_custom&quot;:{&quot;unit&quot;:&quot;px&quot;,&quot;size&quot;:50,&quot;sizes&quot;:[]},&quot;autoplay&quot;:&quot;yes&quot;,&quot;pause_on_hover&quot;:&quot;yes&quot;,&quot;pause_on_interaction&quot;:&quot;yes&quot;,&quot;autoplay_speed&quot;:5000,&quot;infinite&quot;:&quot;yes&quot;,&quot;speed&quot;:500,&quot;image_spacing_custom_tablet&quot;:{&quot;unit&quot;:&quot;px&quot;,&quot;size&quot;:&quot;&quot;,&quot;sizes&quot;:[]},&quot;image_spacing_custom_mobile&quot;:{&quot;unit&quot;:&quot;px&quot;,&quot;size&quot;:&quot;&quot;,&quot;sizes&quot;:[]}}\" data-widget_type=\"image-carousel.default\">\n\t\t\t\t<div class=\"elementor-widget-container\">\n\t\t\t\t\t\t\t<div class=\"elementor-image-carousel-wrapper swiper\" role=\"region\" aria-roledescription=\"carousel\" aria-label=\"Image Carousel\" dir=\"ltr\">\n\t\t\t<div class=\"elementor-image-carousel swiper-wrapper\" aria-live=\"off\">\n\t\t\t\t\t\t\t\t<div class=\"swiper-slide\" role=\"group\" aria-roledescription=\"slide\" aria-label=\"1 of 12\"><figure class=\"swiper-slide-inner\"><img decoding=\"async\" class=\"swiper-slide-image\" src=\"https:\/\/apholos.com\/wp-content\/uploads\/2022\/12\/Mesa-de-trabajo-4-1-150x150.png\" alt=\"Mesa de trabajo 4\" \/><\/figure><\/div><div class=\"swiper-slide\" role=\"group\" aria-roledescription=\"slide\" aria-label=\"2 of 12\"><figure class=\"swiper-slide-inner\"><img decoding=\"async\" class=\"swiper-slide-image\" src=\"https:\/\/apholos.com\/wp-content\/uploads\/2022\/12\/Mesa-de-trabajo-11-150x150.png\" alt=\"Mesa de trabajo 11\" \/><\/figure><\/div><div class=\"swiper-slide\" role=\"group\" aria-roledescription=\"slide\" aria-label=\"3 of 12\"><figure class=\"swiper-slide-inner\"><img decoding=\"async\" class=\"swiper-slide-image\" src=\"https:\/\/apholos.com\/wp-content\/uploads\/2022\/12\/Mesa-de-trabajo-10-150x150.png\" alt=\"Mesa de trabajo 10\" \/><\/figure><\/div><div class=\"swiper-slide\" role=\"group\" aria-roledescription=\"slide\" aria-label=\"4 of 12\"><figure class=\"swiper-slide-inner\"><img decoding=\"async\" class=\"swiper-slide-image\" src=\"https:\/\/apholos.com\/wp-content\/uploads\/2022\/12\/Mesa-de-trabajo-9-150x150.png\" alt=\"Mesa de trabajo 9\" \/><\/figure><\/div><div class=\"swiper-slide\" role=\"group\" aria-roledescription=\"slide\" aria-label=\"5 of 12\"><figure class=\"swiper-slide-inner\"><img decoding=\"async\" class=\"swiper-slide-image\" src=\"https:\/\/apholos.com\/wp-content\/uploads\/2022\/12\/Mesa-de-trabajo-8-150x150.png\" alt=\"Mesa de trabajo 8\" \/><\/figure><\/div><div class=\"swiper-slide\" role=\"group\" aria-roledescription=\"slide\" aria-label=\"6 of 12\"><figure class=\"swiper-slide-inner\"><img decoding=\"async\" class=\"swiper-slide-image\" src=\"https:\/\/apholos.com\/wp-content\/uploads\/2022\/12\/Mesa-de-trabajo-7-150x150.png\" alt=\"Mesa de trabajo 7\" \/><\/figure><\/div><div class=\"swiper-slide\" role=\"group\" aria-roledescription=\"slide\" aria-label=\"7 of 12\"><figure class=\"swiper-slide-inner\"><img decoding=\"async\" class=\"swiper-slide-image\" src=\"https:\/\/apholos.com\/wp-content\/uploads\/2022\/12\/Mesa-de-trabajo-6-150x150.png\" alt=\"Mesa de trabajo 6\" \/><\/figure><\/div><div class=\"swiper-slide\" role=\"group\" aria-roledescription=\"slide\" aria-label=\"8 of 12\"><figure class=\"swiper-slide-inner\"><img decoding=\"async\" class=\"swiper-slide-image\" src=\"https:\/\/apholos.com\/wp-content\/uploads\/2022\/12\/Mesa-de-trabajo-5-150x150.png\" alt=\"Mesa de trabajo 5\" \/><\/figure><\/div><div class=\"swiper-slide\" role=\"group\" aria-roledescription=\"slide\" aria-label=\"9 of 12\"><figure class=\"swiper-slide-inner\"><img decoding=\"async\" class=\"swiper-slide-image\" src=\"https:\/\/apholos.com\/wp-content\/uploads\/2022\/12\/Mesa-de-trabajo-4-150x150.png\" alt=\"Mesa de trabajo 4\" \/><\/figure><\/div><div class=\"swiper-slide\" role=\"group\" aria-roledescription=\"slide\" aria-label=\"10 of 12\"><figure class=\"swiper-slide-inner\"><img decoding=\"async\" class=\"swiper-slide-image\" src=\"https:\/\/apholos.com\/wp-content\/uploads\/2022\/12\/Mesa-de-trabajo-3-150x150.png\" alt=\"Mesa de trabajo 3\" \/><\/figure><\/div><div class=\"swiper-slide\" role=\"group\" aria-roledescription=\"slide\" aria-label=\"11 of 12\"><figure class=\"swiper-slide-inner\"><img decoding=\"async\" class=\"swiper-slide-image\" src=\"https:\/\/apholos.com\/wp-content\/uploads\/2022\/12\/Mesa-de-trabajo-2-150x150.png\" alt=\"Mesa de trabajo 2\" \/><\/figure><\/div><div class=\"swiper-slide\" role=\"group\" aria-roledescription=\"slide\" aria-label=\"12 of 12\"><figure class=\"swiper-slide-inner\"><img decoding=\"async\" class=\"swiper-slide-image\" src=\"https:\/\/apholos.com\/wp-content\/uploads\/2022\/12\/Mesa-de-trabajo-1-150x150.png\" alt=\"Mesa de trabajo 1\" \/><\/figure><\/div>\t\t\t<\/div>\n\t\t\t\t\t\t\t\n\t\t\t\t\t\t\t\t\t<\/div>\n\t\t\t\t\t\t<\/div>\n\t\t\t\t<\/div>\n\t\t\t\t\t<\/div>\n\t\t<\/div>\n\t\t\t\t\t<\/div>\n\t\t<\/section>\n\t\t\t\t<\/div>\n\t\t","protected":false},"excerpt":{"rendered":"<p>A\u00f1ade aqu\u00ed tu texto de cabecera A\u00f1ade aqu\u00ed tu texto de cabecera BOTONES JEAN AVIOS MET\u00c1LICOS COMUNICATE CON NOSOTROS<\/p>\n","protected":false},"author":1,"featured_media":2519,"parent":0,"menu_order":0,"comment_status":"closed","ping_status":"closed","template":"elementor_header_footer","meta":{"content-type":"","_joinchat":[],"footnotes":""},"class_list":["post-2787","page","type-page","status-publish","has-post-thumbnail","hentry"],"yoast_head":"<!-- This site is optimized with the Yoast SEO Premium plugin v20.3 (Yoast SEO v26.2) - https:\/\/yoast.com\/wordpress\/plugins\/seo\/ -->\n<title>Jeans Buttons - Apholos<\/title>\n<meta name=\"robots\" content=\"index, follow, max-snippet:-1, max-image-preview:large, max-video-preview:-1\" \/>\n<link rel=\"canonical\" href=\"https:\/\/apholos.com\/en\/jeans-buttons\/\" \/>\n<meta property=\"og:locale\" content=\"en_US\" \/>\n<meta property=\"og:type\" content=\"article\" \/>\n<meta property=\"og:title\" content=\"Jeans Buttons\" \/>\n<meta property=\"og:description\" content=\"A\u00f1ade aqu\u00ed tu texto de cabecera A\u00f1ade aqu\u00ed tu texto de cabecera BOTONES JEAN AVIOS MET\u00c1LICOS COMUNICATE CON NOSOTROS\" \/>\n<meta property=\"og:url\" content=\"https:\/\/apholos.com\/en\/jeans-buttons\/\" \/>\n<meta property=\"og:site_name\" content=\"Apholos\" \/>\n<meta property=\"og:image\" content=\"https:\/\/apholos.com\/wp-content\/uploads\/2022\/12\/f4fff12ce48de04e440e768b54dcd04c.jpg\" \/>\n\t<meta property=\"og:image:width\" content=\"564\" \/>\n\t<meta property=\"og:image:height\" content=\"475\" \/>\n\t<meta property=\"og:image:type\" content=\"image\/jpeg\" \/>\n<meta name=\"twitter:card\" content=\"summary_large_image\" \/>\n<script type=\"application\/ld+json\" class=\"yoast-schema-graph\">{\"@context\":\"https:\/\/schema.org\",\"@graph\":[{\"@type\":\"WebPage\",\"@id\":\"https:\/\/apholos.com\/en\/jeans-buttons\/\",\"url\":\"https:\/\/apholos.com\/en\/jeans-buttons\/\",\"name\":\"Jeans Buttons - Apholos\",\"isPartOf\":{\"@id\":\"https:\/\/apholos.com\/#website\"},\"primaryImageOfPage\":{\"@id\":\"https:\/\/apholos.com\/en\/jeans-buttons\/#primaryimage\"},\"image\":{\"@id\":\"https:\/\/apholos.com\/en\/jeans-buttons\/#primaryimage\"},\"thumbnailUrl\":\"https:\/\/apholos.com\/wp-content\/uploads\/2022\/12\/f4fff12ce48de04e440e768b54dcd04c.jpg\",\"datePublished\":\"2022-12-13T15:17:21+00:00\",\"breadcrumb\":{\"@id\":\"https:\/\/apholos.com\/en\/jeans-buttons\/#breadcrumb\"},\"inLanguage\":\"en-US\",\"potentialAction\":[{\"@type\":\"ReadAction\",\"target\":[\"https:\/\/apholos.com\/en\/jeans-buttons\/\"]}]},{\"@type\":\"ImageObject\",\"inLanguage\":\"en-US\",\"@id\":\"https:\/\/apholos.com\/en\/jeans-buttons\/#primaryimage\",\"url\":\"https:\/\/apholos.com\/wp-content\/uploads\/2022\/12\/f4fff12ce48de04e440e768b54dcd04c.jpg\",\"contentUrl\":\"https:\/\/apholos.com\/wp-content\/uploads\/2022\/12\/f4fff12ce48de04e440e768b54dcd04c.jpg\",\"width\":564,\"height\":475},{\"@type\":\"BreadcrumbList\",\"@id\":\"https:\/\/apholos.com\/en\/jeans-buttons\/#breadcrumb\",\"itemListElement\":[{\"@type\":\"ListItem\",\"position\":1,\"name\":\"Portada\",\"item\":\"https:\/\/apholos.com\/\"},{\"@type\":\"ListItem\",\"position\":2,\"name\":\"Jeans Buttons\"}]},{\"@type\":\"WebSite\",\"@id\":\"https:\/\/apholos.com\/#website\",\"url\":\"https:\/\/apholos.com\/\",\"name\":\"Apholos | Brand Identity\",\"description\":\"Somos una empresa especializada en la fabricaci\u00f3n de tapones y herrajes met\u00e1licos, brindando soluciones de alta calidad para diversos sectores.\",\"publisher\":{\"@id\":\"https:\/\/apholos.com\/#organization\"},\"alternateName\":\"Apholos Brand Identity\",\"potentialAction\":[{\"@type\":\"SearchAction\",\"target\":{\"@type\":\"EntryPoint\",\"urlTemplate\":\"https:\/\/apholos.com\/?s={search_term_string}\"},\"query-input\":{\"@type\":\"PropertyValueSpecification\",\"valueRequired\":true,\"valueName\":\"search_term_string\"}}],\"inLanguage\":\"en-US\"},{\"@type\":\"Organization\",\"@id\":\"https:\/\/apholos.com\/#organization\",\"name\":\"Apholos | Brand Identity\",\"alternateName\":\"Apholos Brand Identity\",\"url\":\"https:\/\/apholos.com\/\",\"logo\":{\"@type\":\"ImageObject\",\"inLanguage\":\"en-US\",\"@id\":\"https:\/\/apholos.com\/#\/schema\/logo\/image\/\",\"url\":\"https:\/\/apholos.com\/wp-content\/uploads\/2022\/12\/Logo-negro.png\",\"contentUrl\":\"https:\/\/apholos.com\/wp-content\/uploads\/2022\/12\/Logo-negro.png\",\"width\":1969,\"height\":108,\"caption\":\"Apholos | Brand Identity\"},\"image\":{\"@id\":\"https:\/\/apholos.com\/#\/schema\/logo\/image\/\"},\"sameAs\":[\"https:\/\/www.instagram.com\/apholos_\/\",\"https:\/\/www.youtube.com\/@apholosmetallabelsclosures7253\"]}]}<\/script>\n<!-- \/ Yoast SEO Premium plugin. -->","yoast_head_json":{"title":"Jeans Buttons - Apholos","robots":{"index":"index","follow":"follow","max-snippet":"max-snippet:-1","max-image-preview":"max-image-preview:large","max-video-preview":"max-video-preview:-1"},"canonical":"https:\/\/apholos.com\/en\/jeans-buttons\/","og_locale":"en_US","og_type":"article","og_title":"Jeans Buttons","og_description":"A\u00f1ade aqu\u00ed tu texto de cabecera A\u00f1ade aqu\u00ed tu texto de cabecera BOTONES JEAN AVIOS MET\u00c1LICOS COMUNICATE CON NOSOTROS","og_url":"https:\/\/apholos.com\/en\/jeans-buttons\/","og_site_name":"Apholos","og_image":[{"width":564,"height":475,"url":"https:\/\/apholos.com\/wp-content\/uploads\/2022\/12\/f4fff12ce48de04e440e768b54dcd04c.jpg","type":"image\/jpeg"}],"twitter_card":"summary_large_image","schema":{"@context":"https:\/\/schema.org","@graph":[{"@type":"WebPage","@id":"https:\/\/apholos.com\/en\/jeans-buttons\/","url":"https:\/\/apholos.com\/en\/jeans-buttons\/","name":"Jeans Buttons - Apholos","isPartOf":{"@id":"https:\/\/apholos.com\/#website"},"primaryImageOfPage":{"@id":"https:\/\/apholos.com\/en\/jeans-buttons\/#primaryimage"},"image":{"@id":"https:\/\/apholos.com\/en\/jeans-buttons\/#primaryimage"},"thumbnailUrl":"https:\/\/apholos.com\/wp-content\/uploads\/2022\/12\/f4fff12ce48de04e440e768b54dcd04c.jpg","datePublished":"2022-12-13T15:17:21+00:00","breadcrumb":{"@id":"https:\/\/apholos.com\/en\/jeans-buttons\/#breadcrumb"},"inLanguage":"en-US","potentialAction":[{"@type":"ReadAction","target":["https:\/\/apholos.com\/en\/jeans-buttons\/"]}]},{"@type":"ImageObject","inLanguage":"en-US","@id":"https:\/\/apholos.com\/en\/jeans-buttons\/#primaryimage","url":"https:\/\/apholos.com\/wp-content\/uploads\/2022\/12\/f4fff12ce48de04e440e768b54dcd04c.jpg","contentUrl":"https:\/\/apholos.com\/wp-content\/uploads\/2022\/12\/f4fff12ce48de04e440e768b54dcd04c.jpg","width":564,"height":475},{"@type":"BreadcrumbList","@id":"https:\/\/apholos.com\/en\/jeans-buttons\/#breadcrumb","itemListElement":[{"@type":"ListItem","position":1,"name":"Portada","item":"https:\/\/apholos.com\/"},{"@type":"ListItem","position":2,"name":"Jeans Buttons"}]},{"@type":"WebSite","@id":"https:\/\/apholos.com\/#website","url":"https:\/\/apholos.com\/","name":"Apholos | Brand Identity","description":"Somos una empresa especializada en la fabricaci\u00f3n de tapones y herrajes met\u00e1licos, brindando soluciones de alta calidad para diversos sectores.","publisher":{"@id":"https:\/\/apholos.com\/#organization"},"alternateName":"Apholos Brand Identity","potentialAction":[{"@type":"SearchAction","target":{"@type":"EntryPoint","urlTemplate":"https:\/\/apholos.com\/?s={search_term_string}"},"query-input":{"@type":"PropertyValueSpecification","valueRequired":true,"valueName":"search_term_string"}}],"inLanguage":"en-US"},{"@type":"Organization","@id":"https:\/\/apholos.com\/#organization","name":"Apholos | Brand Identity","alternateName":"Apholos Brand Identity","url":"https:\/\/apholos.com\/","logo":{"@type":"ImageObject","inLanguage":"en-US","@id":"https:\/\/apholos.com\/#\/schema\/logo\/image\/","url":"https:\/\/apholos.com\/wp-content\/uploads\/2022\/12\/Logo-negro.png","contentUrl":"https:\/\/apholos.com\/wp-content\/uploads\/2022\/12\/Logo-negro.png","width":1969,"height":108,"caption":"Apholos | Brand Identity"},"image":{"@id":"https:\/\/apholos.com\/#\/schema\/logo\/image\/"},"sameAs":["https:\/\/www.instagram.com\/apholos_\/","https:\/\/www.youtube.com\/@apholosmetallabelsclosures7253"]}]}},"_links":{"self":[{"href":"https:\/\/apholos.com\/en\/wp-json\/wp\/v2\/pages\/2787","targetHints":{"allow":["GET"]}}],"collection":[{"href":"https:\/\/apholos.com\/en\/wp-json\/wp\/v2\/pages"}],"about":[{"href":"https:\/\/apholos.com\/en\/wp-json\/wp\/v2\/types\/page"}],"author":[{"embeddable":true,"href":"https:\/\/apholos.com\/en\/wp-json\/wp\/v2\/users\/1"}],"replies":[{"embeddable":true,"href":"https:\/\/apholos.com\/en\/wp-json\/wp\/v2\/comments?post=2787"}],"version-history":[{"count":0,"href":"https:\/\/apholos.com\/en\/wp-json\/wp\/v2\/pages\/2787\/revisions"}],"wp:featuredmedia":[{"embeddable":true,"href":"https:\/\/apholos.com\/en\/wp-json\/wp\/v2\/media\/2519"}],"wp:attachment":[{"href":"https:\/\/apholos.com\/en\/wp-json\/wp\/v2\/media?parent=2787"}],"curies":[{"name":"wp","href":"https:\/\/api.w.org\/{rel}","templated":true}]}}